{"id":114,"date":"2025-01-29T13:15:06","date_gmt":"2025-01-29T13:15:06","guid":{"rendered":"https:\/\/testing.hub.brussels\/sustainability\/?page_id=114"},"modified":"2025-06-20T19:01:03","modified_gmt":"2025-06-20T19:01:03","slug":"evaluez-votre-entreprise","status":"publish","type":"page","link":"https:\/\/testing.hub.brussels\/sustainability\/evaluez-votre-entreprise\/","title":{"rendered":"\u00c9valuez votre entreprise"},"content":{"rendered":"","protected":false},"excerpt":{"rendered":"","protected":false},"author":1,"featured_media":862,"parent":0,"menu_order":0,"comment_status":"closed","ping_status":"closed","template":"template-questionnaire.blade.php","meta":{"_acf_changed":false,"inline_featured_image":false,"footnotes":""},"class_list":["post-114","page","type-page","status-publish","has-post-thumbnail","hentry"],"acf":[],"yoast_head":"<!-- This site is optimized with the Yoast SEO plugin v24.6 - https:\/\/yoast.com\/wordpress\/plugins\/seo\/ -->\n<title>Evaluez votre strat\u00e9gie ESG | hub.brussels<\/title>\n<meta name=\"description\" content=\"Faites le point sur la strat\u00e9gie de durabilit\u00e9 de votre entreprise \u00e0 Bruxelles, d\u00e9couvrez votre score ESG et obtenez des conseils sur mesure.\" \/>\n<meta name=\"robots\" content=\"index, follow, max-snippet:-1, max-image-preview:large, max-video-preview:-1\" \/>\n<link rel=\"canonical\" href=\"https:\/\/testing.hub.brussels\/sustainability\/evaluez-votre-entreprise\/\" \/>\n<meta property=\"og:locale\" content=\"fr_FR\" \/>\n<meta property=\"og:type\" content=\"article\" \/>\n<meta property=\"og:title\" content=\"Evaluez votre strat\u00e9gie ESG | hub.brussels\" \/>\n<meta property=\"og:description\" content=\"Faites le point sur la strat\u00e9gie de durabilit\u00e9 de votre entreprise \u00e0 Bruxelles, d\u00e9couvrez votre score ESG et obtenez des conseils sur mesure.\" \/>\n<meta property=\"og:url\" content=\"https:\/\/testing.hub.brussels\/sustainability\/evaluez-votre-entreprise\/\" \/>\n<meta property=\"og:site_name\" content=\"Diagnostic Hub\" \/>\n<meta property=\"article:modified_time\" content=\"2025-06-20T19:01:03+00:00\" \/>\n<meta property=\"og:image\" content=\"https:\/\/testing.hub.brussels\/sustainability\/\/app\/uploads\/2024\/12\/221017-utopix-hubbrussels-te-093-e1734618923607.jpg\" \/>\n\t<meta property=\"og:image:width\" content=\"736\" \/>\n\t<meta property=\"og:image:height\" content=\"514\" \/>\n\t<meta property=\"og:image:type\" content=\"image\/jpeg\" \/>\n<meta name=\"twitter:card\" content=\"summary_large_image\" \/>\n<meta name=\"twitter:label1\" content=\"Dur\u00e9e de lecture estim\u00e9e\" \/>\n\t<meta name=\"twitter:data1\" content=\"1 minute\" \/>\n<script type=\"application\/ld+json\" class=\"yoast-schema-graph\">{\"@context\":\"https:\/\/schema.org\",\"@graph\":[{\"@type\":\"WebPage\",\"@id\":\"https:\/\/testing.hub.brussels\/sustainability\/evaluez-votre-entreprise\/\",\"url\":\"https:\/\/testing.hub.brussels\/sustainability\/evaluez-votre-entreprise\/\",\"name\":\"Evaluez votre strat\u00e9gie ESG | hub.brussels\",\"isPartOf\":{\"@id\":\"https:\/\/diagnostic-hub.lademo.be\/#website\"},\"primaryImageOfPage\":{\"@id\":\"https:\/\/testing.hub.brussels\/sustainability\/evaluez-votre-entreprise\/#primaryimage\"},\"image\":{\"@id\":\"https:\/\/testing.hub.brussels\/sustainability\/evaluez-votre-entreprise\/#primaryimage\"},\"thumbnailUrl\":\"https:\/\/testing.hub.brussels\/sustainability\/\/app\/uploads\/2024\/12\/221017-utopix-hubbrussels-te-093-e1734618923607.jpg\",\"datePublished\":\"2025-01-29T13:15:06+00:00\",\"dateModified\":\"2025-06-20T19:01:03+00:00\",\"description\":\"Faites le point sur la strat\u00e9gie de durabilit\u00e9 de votre entreprise \u00e0 Bruxelles, d\u00e9couvrez votre score ESG et obtenez des conseils sur mesure.\",\"breadcrumb\":{\"@id\":\"https:\/\/testing.hub.brussels\/sustainability\/evaluez-votre-entreprise\/#breadcrumb\"},\"inLanguage\":\"fr-FR\",\"potentialAction\":[{\"@type\":\"ReadAction\",\"target\":[\"https:\/\/testing.hub.brussels\/sustainability\/evaluez-votre-entreprise\/\"]}]},{\"@type\":\"ImageObject\",\"inLanguage\":\"fr-FR\",\"@id\":\"https:\/\/testing.hub.brussels\/sustainability\/evaluez-votre-entreprise\/#primaryimage\",\"url\":\"https:\/\/testing.hub.brussels\/sustainability\/\/app\/uploads\/2024\/12\/221017-utopix-hubbrussels-te-093-e1734618923607.jpg\",\"contentUrl\":\"https:\/\/testing.hub.brussels\/sustainability\/\/app\/uploads\/2024\/12\/221017-utopix-hubbrussels-te-093-e1734618923607.jpg\",\"width\":736,\"height\":514},{\"@type\":\"BreadcrumbList\",\"@id\":\"https:\/\/testing.hub.brussels\/sustainability\/evaluez-votre-entreprise\/#breadcrumb\",\"itemListElement\":[{\"@type\":\"ListItem\",\"position\":1,\"name\":\"Home\",\"item\":\"https:\/\/testing.hub.brussels\/sustainability\/\"},{\"@type\":\"ListItem\",\"position\":2,\"name\":\"\u00c9valuez votre entreprise\"}]},{\"@type\":\"WebSite\",\"@id\":\"https:\/\/diagnostic-hub.lademo.be\/#website\",\"url\":\"https:\/\/diagnostic-hub.lademo.be\/\",\"name\":\"sustainability diagnostic hub brussels\",\"description\":\"\",\"publisher\":{\"@id\":\"https:\/\/diagnostic-hub.lademo.be\/#organization\"},\"potentialAction\":[{\"@type\":\"SearchAction\",\"target\":{\"@type\":\"EntryPoint\",\"urlTemplate\":\"https:\/\/diagnostic-hub.lademo.be\/?s={search_term_string}\"},\"query-input\":{\"@type\":\"PropertyValueSpecification\",\"valueRequired\":true,\"valueName\":\"search_term_string\"}}],\"inLanguage\":\"fr-FR\"},{\"@type\":\"Organization\",\"@id\":\"https:\/\/diagnostic-hub.lademo.be\/#organization\",\"name\":\"sustainability diagnostic hub brussels\",\"url\":\"https:\/\/diagnostic-hub.lademo.be\/\",\"logo\":{\"@type\":\"ImageObject\",\"inLanguage\":\"fr-FR\",\"@id\":\"https:\/\/diagnostic-hub.lademo.be\/#\/schema\/logo\/image\/\",\"url\":\"https:\/\/testing.hub.brussels\/sustainability\/\/app\/uploads\/2023\/10\/logo-4.png\",\"contentUrl\":\"https:\/\/testing.hub.brussels\/sustainability\/\/app\/uploads\/2023\/10\/logo-4.png\",\"width\":151,\"height\":63,\"caption\":\"sustainability diagnostic hub brussels\"},\"image\":{\"@id\":\"https:\/\/diagnostic-hub.lademo.be\/#\/schema\/logo\/image\/\"}}]}<\/script>\n<!-- \/ Yoast SEO plugin. -->","yoast_head_json":{"title":"Evaluez votre strat\u00e9gie ESG | hub.brussels","description":"Faites le point sur la strat\u00e9gie de durabilit\u00e9 de votre entreprise \u00e0 Bruxelles, d\u00e9couvrez votre score ESG et obtenez des conseils sur mesure.","robots":{"index":"index","follow":"follow","max-snippet":"max-snippet:-1","max-image-preview":"max-image-preview:large","max-video-preview":"max-video-preview:-1"},"canonical":"https:\/\/testing.hub.brussels\/sustainability\/evaluez-votre-entreprise\/","og_locale":"fr_FR","og_type":"article","og_title":"Evaluez votre strat\u00e9gie ESG | hub.brussels","og_description":"Faites le point sur la strat\u00e9gie de durabilit\u00e9 de votre entreprise \u00e0 Bruxelles, d\u00e9couvrez votre score ESG et obtenez des conseils sur mesure.","og_url":"https:\/\/testing.hub.brussels\/sustainability\/evaluez-votre-entreprise\/","og_site_name":"Diagnostic Hub","article_modified_time":"2025-06-20T19:01:03+00:00","og_image":[{"width":736,"height":514,"url":"https:\/\/testing.hub.brussels\/sustainability\/\/app\/uploads\/2024\/12\/221017-utopix-hubbrussels-te-093-e1734618923607.jpg","type":"image\/jpeg"}],"twitter_card":"summary_large_image","twitter_misc":{"Dur\u00e9e de lecture estim\u00e9e":"1 minute"},"schema":{"@context":"https:\/\/schema.org","@graph":[{"@type":"WebPage","@id":"https:\/\/testing.hub.brussels\/sustainability\/evaluez-votre-entreprise\/","url":"https:\/\/testing.hub.brussels\/sustainability\/evaluez-votre-entreprise\/","name":"Evaluez votre strat\u00e9gie ESG | hub.brussels","isPartOf":{"@id":"https:\/\/diagnostic-hub.lademo.be\/#website"},"primaryImageOfPage":{"@id":"https:\/\/testing.hub.brussels\/sustainability\/evaluez-votre-entreprise\/#primaryimage"},"image":{"@id":"https:\/\/testing.hub.brussels\/sustainability\/evaluez-votre-entreprise\/#primaryimage"},"thumbnailUrl":"https:\/\/testing.hub.brussels\/sustainability\/\/app\/uploads\/2024\/12\/221017-utopix-hubbrussels-te-093-e1734618923607.jpg","datePublished":"2025-01-29T13:15:06+00:00","dateModified":"2025-06-20T19:01:03+00:00","description":"Faites le point sur la strat\u00e9gie de durabilit\u00e9 de votre entreprise \u00e0 Bruxelles, d\u00e9couvrez votre score ESG et obtenez des conseils sur mesure.","breadcrumb":{"@id":"https:\/\/testing.hub.brussels\/sustainability\/evaluez-votre-entreprise\/#breadcrumb"},"inLanguage":"fr-FR","potentialAction":[{"@type":"ReadAction","target":["https:\/\/testing.hub.brussels\/sustainability\/evaluez-votre-entreprise\/"]}]},{"@type":"ImageObject","inLanguage":"fr-FR","@id":"https:\/\/testing.hub.brussels\/sustainability\/evaluez-votre-entreprise\/#primaryimage","url":"https:\/\/testing.hub.brussels\/sustainability\/\/app\/uploads\/2024\/12\/221017-utopix-hubbrussels-te-093-e1734618923607.jpg","contentUrl":"https:\/\/testing.hub.brussels\/sustainability\/\/app\/uploads\/2024\/12\/221017-utopix-hubbrussels-te-093-e1734618923607.jpg","width":736,"height":514},{"@type":"BreadcrumbList","@id":"https:\/\/testing.hub.brussels\/sustainability\/evaluez-votre-entreprise\/#breadcrumb","itemListElement":[{"@type":"ListItem","position":1,"name":"Home","item":"https:\/\/testing.hub.brussels\/sustainability\/"},{"@type":"ListItem","position":2,"name":"\u00c9valuez votre entreprise"}]},{"@type":"WebSite","@id":"https:\/\/diagnostic-hub.lademo.be\/#website","url":"https:\/\/diagnostic-hub.lademo.be\/","name":"sustainability diagnostic hub brussels","description":"","publisher":{"@id":"https:\/\/diagnostic-hub.lademo.be\/#organization"},"potentialAction":[{"@type":"SearchAction","target":{"@type":"EntryPoint","urlTemplate":"https:\/\/diagnostic-hub.lademo.be\/?s={search_term_string}"},"query-input":{"@type":"PropertyValueSpecification","valueRequired":true,"valueName":"search_term_string"}}],"inLanguage":"fr-FR"},{"@type":"Organization","@id":"https:\/\/diagnostic-hub.lademo.be\/#organization","name":"sustainability diagnostic hub brussels","url":"https:\/\/diagnostic-hub.lademo.be\/","logo":{"@type":"ImageObject","inLanguage":"fr-FR","@id":"https:\/\/diagnostic-hub.lademo.be\/#\/schema\/logo\/image\/","url":"https:\/\/testing.hub.brussels\/sustainability\/\/app\/uploads\/2023\/10\/logo-4.png","contentUrl":"https:\/\/testing.hub.brussels\/sustainability\/\/app\/uploads\/2023\/10\/logo-4.png","width":151,"height":63,"caption":"sustainability diagnostic hub brussels"},"image":{"@id":"https:\/\/diagnostic-hub.lademo.be\/#\/schema\/logo\/image\/"}}]}},"_links":{"self":[{"href":"https:\/\/testing.hub.brussels\/sustainability\/wp-json\/wp\/v2\/pages\/114","targetHints":{"allow":["GET"]}}],"collection":[{"href":"https:\/\/testing.hub.brussels\/sustainability\/wp-json\/wp\/v2\/pages"}],"about":[{"href":"https:\/\/testing.hub.brussels\/sustainability\/wp-json\/wp\/v2\/types\/page"}],"author":[{"embeddable":true,"href":"https:\/\/testing.hub.brussels\/sustainability\/wp-json\/wp\/v2\/users\/1"}],"replies":[{"embeddable":true,"href":"https:\/\/testing.hub.brussels\/sustainability\/wp-json\/wp\/v2\/comments?post=114"}],"version-history":[{"count":14,"href":"https:\/\/testing.hub.brussels\/sustainability\/wp-json\/wp\/v2\/pages\/114\/revisions"}],"predecessor-version":[{"id":683,"href":"https:\/\/testing.hub.brussels\/sustainability\/wp-json\/wp\/v2\/pages\/114\/revisions\/683"}],"wp:featuredmedia":[{"embeddable":true,"href":"https:\/\/testing.hub.brussels\/sustainability\/wp-json\/wp\/v2\/media\/862"}],"wp:attachment":[{"href":"https:\/\/testing.hub.brussels\/sustainability\/wp-json\/wp\/v2\/media?parent=114"}],"curies":[{"name":"wp","href":"https:\/\/api.w.org\/{rel}","templated":true}]}}